{"id":8035,"date":"2025-02-11T00:14:40","date_gmt":"2025-02-10T23:14:40","guid":{"rendered":"https:\/\/virtusmagic.com\/?page_id=8035"},"modified":"2025-05-26T12:18:00","modified_gmt":"2025-05-26T10:18:00","slug":"inicio","status":"publish","type":"page","link":"https:\/\/virtusmagic.com\/es\/","title":{"rendered":"Inicio"},"content":{"rendered":"<p>[vc_row section_type=\u00bbfullwidth\u00bb padding_top_multiplier=\u00bb2x\u00bb padding_bottom_multiplier=\u00bb2x\u00bb rc_font_color=\u00bb#283540&#8243; section_id=\u00bbservices\u00bb][vc_column text_align=\u00bbcenter\u00bb]<h3 class=\"eut-element eut-title eut-align-inherit eut-h2\" style=\"\"><span><br>\n<p style=\"text-align: center;\"><strong>Virtus Magic es una empresa innovadora nacida para hacer la Historia m\u00e1s accesible e inolvidable para todos.<\/strong><br>\n<\/span><\/h3>[\/vc_column][\/vc_row][vc_row section_type=\u00bbfullwidth\u00bb padding_top_multiplier=\u00bb\u00bb padding_bottom_multiplier=\u00bb\u00bb][vc_column]<div class=\"eut-empty-space eut-height-2x\" style=\"\"><\/div>[\/vc_column][\/vc_row][vc_row padding_top_multiplier=\u00bbcustom\u00bb padding_bottom_multiplier=\u00bb2x\u00bb rc_heading_color=\u00bblight\u00bb rc_bg_type=\u00bbimage\u00bb rc_bg_image=\u00bb6864&#8243; rc_bg_image_type=\u00bbfixed\u00bb rc_bg_color_overlay=\u00bbdark\u00bb rc_bg_opacity_overlay=\u00bb60&#8243; rc_font_color=\u00bb#ffffff\u00bb section_id=\u00bbservices\u00bb padding_top=\u00bb30%\u00bb][vc_column text_align=\u00bbcenter\u00bb]<div class=\"eut-empty-space eut-height-6x\" style=\"\"><\/div><h3 class=\"eut-element eut-title eut-align-inherit eut-h3\" style=\"\"><span><br>\n<p style=\"text-align: center;\"><strong>SERVICIOS<\/strong><br>\n<\/span><\/h3><div class=\"eut-empty-space eut-height-1x\" style=\"\"><\/div><h4 class=\"eut-element eut-title eut-align-inherit eut-h4\" style=\"\"><span>Tecnolog\u00eda avanzada al servicio del Patrimonio Cultural<\/span><\/h4><div class=\"eut-empty-space eut-height-6x\" style=\"\"><\/div>[\/vc_column][\/vc_row][vc_row section_type=\u00bbfullwidth\u00bb padding_bottom_multiplier=\u00bbcustom\u00bb rc_heading_color=\u00bblight\u00bb rc_bg_type=\u00bbimage\u00bb rc_bg_image=\u00bb6864&#8243; rc_bg_image_type=\u00bbfixed\u00bb rc_bg_pattern_overlay=\u00bbyes\u00bb rc_bg_color_overlay=\u00bbdark\u00bb rc_bg_opacity_overlay=\u00bb60&#8243; rc_bg_image_scroll_effect=\u00bbopacity-scroll-effect\u00bb rc_bg_image_scroll_effect_offset=\u00bb30&#8243; columns_gap=\u00bb60&#8243; equal_column_height=\u00bbequal\u00bb rc_font_color=\u00bb#ffffff\u00bb section_id=\u00bbservices\u00bb padding_bottom=\u00bb20%\u00bb][vc_column width=\u00bb1\/3&#8243; text_align=\u00bbcenter\u00bb rc_bg_type=\u00bbimage\u00bb rc_bg_image=\u00bb6870&#8243; rc_bg_color_overlay=\u00bbdark\u00bb rc_bg_opacity_overlay=\u00bb20&#8243; rc_add_shadow=\u00bbmedium-shadow\u00bb]<div class=\"eut-empty-space\" style=\"height: 32px;\"><\/div><div class=\"eut-element eut-fancy-box eut-radius-15 eut-align-center\" style=\"\">  <div class=\"eut-fancy-box-inner\">  <div class=\"eut-fancy-box-icon\">  <i class=\"et-icon-layers eut-text-primary-4 eut-large\"><\/i>  <\/div><h2 class=\"eut-title eut-heading-color eut-h1\" style=\"\">Reconstrucciones 3D Digitales<\/h2>  <div class=\"eut-description eut-leader-text\">Visualizaci\u00f3n 3D en interpretaci\u00f3n arqueol\u00f3gica.<\/div>  <\/div><a href=\"https:\/\/virtusmagic.com\/es\/3d\/\" title=\"Content 1: 3D Reconstructions\" class=\"eut-item-url \"><span class=\"screen-reader-text\">Reconstrucciones 3D Digitales<\/span><\/a>  <div class=\"eut-fancy-box-bg eut-radius-15 eut-bg-primary-1\"><\/div><\/div><div class=\"eut-empty-space\" style=\"height: 32px;\"><\/div>[\/vc_column][vc_column width=\u00bb1\/3&#8243; full_height=\u00bbyes\u00bb rc_bg_type=\u00bbimage\u00bb rc_bg_image=\u00bb6885&#8243; rc_bg_color_overlay=\u00bbdark\u00bb rc_bg_opacity_overlay=\u00bb20&#8243; rc_add_shadow=\u00bbmedium-shadow\u00bb]<div class=\"eut-empty-space\" style=\"height: 32px;\"><\/div><div class=\"eut-element eut-fancy-box eut-radius-15 eut-align-center\" style=\"\">  <div class=\"eut-fancy-box-inner\">  <div class=\"eut-fancy-box-icon\">  <i class=\"fas fa-vr-cardboard eut-text-primary-4 eut-large\"><\/i>  <\/div><h2 class=\"eut-title eut-heading-color eut-h1\" style=\"\">Experiencias de Realidad Virtual<\/h2>  <div class=\"eut-description eut-leader-text\">Tours Virtuales Inmersivos para mostrar espacios en detalle<\/div>  <\/div><a href=\"https:\/\/virtusmagic.com\/es\/vr\/\" title=\"Service: 2 VR Experience\" class=\"eut-item-url \"><span class=\"screen-reader-text\">Experiencias de Realidad Virtual<\/span><\/a>  <div class=\"eut-fancy-box-bg eut-radius-15 eut-bg-primary-1\"><\/div><\/div><div class=\"eut-empty-space\" style=\"height: 32px;\"><\/div>[\/vc_column][vc_column width=\u00bb1\/3&#8243; rc_bg_type=\u00bbimage\u00bb rc_bg_image=\u00bb6899&#8243; rc_bg_color_overlay=\u00bbdark\u00bb rc_add_shadow=\u00bbmedium-shadow\u00bb]<div class=\"eut-empty-space\" style=\"height: 32px;\"><\/div><div class=\"eut-element eut-fancy-box eut-radius-15 eut-align-center\" style=\"\">  <div class=\"eut-fancy-box-inner\">  <div class=\"eut-fancy-box-icon\">  <i class=\"et-icon-documents eut-text-primary-4 eut-large\"><\/i>  <\/div><h3 class=\"eut-title eut-heading-color eut-h1\" style=\"\">Gemelos Digitales<\/h3>  <div class=\"eut-description eut-leader-text\">Escaneo 3D profesional utilizando tecnolog\u00eda avanzada de fotogrametr\u00eda\/LiDAR<\/div>  <\/div><a href=\"https:\/\/virtusmagic.com\/es\/gemelosdigitales\/\" title=\"Content 2: 3D Documentation &amp; Aerial\" class=\"eut-item-url \"><span class=\"screen-reader-text\">Gemelos Digitales<\/span><\/a>  <div class=\"eut-fancy-box-bg eut-radius-15 eut-bg-primary-1\"><\/div><\/div><div class=\"eut-empty-space\" style=\"height: 32px;\"><\/div>[\/vc_column][\/vc_row][vc_row padding_top_multiplier=\u00bb6x\u00bb padding_bottom_multiplier=\u00bb6x\u00bb][vc_column width=\u00bb3\/4&#8243;][vc_column_text text_style=\u00bbleader-text\u00bb]<\/p>\n<p style=\"text-align: left;\">Siempre estamos abiertos a conectar con profesionales con talento. No dudes en escribirnos; si surge una oportunidad adecuada, estaremos encantados de explorar c\u00f3mo podemos colaborar.<\/p>\n<p>[\/vc_column_text][\/vc_column][vc_column width=\u00bb1\/4&#8243;]<div class=\"eut-element eut-align-inherit\"><a href=\"https:\/\/virtusmagic.com\/es\/carrera\/\" title=\"Contacto\" class=\"eut-btn eut-btn-large eut-with-icon eut-round eut-bg-primary-1 eut-bg-hover-black\"><span>Unete<i class=\"fas fa-user-plus\" aria-hidden=\"true\"><\/i><\/span><\/a><\/div>[\/vc_column][\/vc_row]<\/p>\n","protected":false},"excerpt":{"rendered":"<p>[vc_row section_type=\u00bbfullwidth\u00bb padding_top_multiplier=\u00bb2x\u00bb padding_bottom_multiplier=\u00bb2x\u00bb rc_font_color=\u00bb#283540&#8243; section_id=\u00bbservices\u00bb][vc_column text_align=\u00bbcenter\u00bb][\/vc_column][\/vc_row][vc_row section_type=\u00bbfullwidth\u00bb padding_top_multiplier=\u00bb\u00bb padding_bottom_multiplier=\u00bb\u00bb][vc_column][\/vc_column][\/vc_row][vc_row padding_top_multiplier=\u00bbcustom\u00bb padding_bottom_multiplier=\u00bb2x\u00bb rc_heading_color=\u00bblight\u00bb rc_bg_type=\u00bbimage\u00bb rc_bg_image=\u00bb6864&#8243; rc_bg_image_type=\u00bbfixed\u00bb rc_bg_color_overlay=\u00bbdark\u00bb rc_bg_opacity_overlay=\u00bb60&#8243; rc_font_color=\u00bb#ffffff\u00bb section_id=\u00bbservices\u00bb padding_top=\u00bb30%\u00bb][vc_column text_align=\u00bbcenter\u00bb][\/vc_column][\/vc_row][vc_row section_type=\u00bbfullwidth\u00bb padding_bottom_multiplier=\u00bbcustom\u00bb rc_heading_color=\u00bblight\u00bb rc_bg_type=\u00bbimage\u00bb rc_bg_image=\u00bb6864&#8243; rc_bg_image_type=\u00bbfixed\u00bb rc_bg_pattern_overlay=\u00bbyes\u00bb rc_bg_color_overlay=\u00bbdark\u00bb rc_bg_opacity_overlay=\u00bb60&#8243; rc_bg_image_scroll_effect=\u00bbopacity-scroll-effect\u00bb rc_bg_image_scroll_effect_offset=\u00bb30&#8243; columns_gap=\u00bb60&#8243; equal_column_height=\u00bbequal\u00bb rc_font_color=\u00bb#ffffff\u00bb section_id=\u00bbservices\u00bb padding_bottom=\u00bb20%\u00bb][vc_column width=\u00bb1\/3&#8243; text_align=\u00bbcenter\u00bb rc_bg_type=\u00bbimage\u00bb rc_bg_image=\u00bb6870&#8243; rc_bg_color_overlay=\u00bbdark\u00bb rc_bg_opacity_overlay=\u00bb20&#8243; rc_add_shadow=\u00bbmedium-shadow\u00bb][\/vc_column][vc_column width=\u00bb1\/3&#8243; full_height=\u00bbyes\u00bb rc_bg_type=\u00bbimage\u00bb rc_bg_image=\u00bb6885&#8243; rc_bg_color_overlay=\u00bbdark\u00bb rc_bg_opacity_overlay=\u00bb20&#8243; rc_add_shadow=\u00bbmedium-shadow\u00bb][\/vc_column][vc_column width=\u00bb1\/3&#8243; rc_bg_type=\u00bbimage\u00bb rc_bg_image=\u00bb6899&#8243; [&hellip;]<\/p>\n","protected":false},"author":1,"featured_media":0,"parent":0,"menu_order":0,"comment_status":"closed","ping_status":"closed","template":"","meta":{"_monsterinsights_skip_tracking":false,"_monsterinsights_sitenote_active":false,"_monsterinsights_sitenote_note":"","_monsterinsights_sitenote_category":0,"footnotes":""},"class_list":["post-8035","page","type-page","status-publish","hentry"],"yoast_head":"<!-- This site is optimized with the Yoast SEO plugin v25.6 - https:\/\/yoast.com\/wordpress\/plugins\/seo\/ -->\n<title>Reconstrucciones 3D y Realidad Virtual para Patrimonio Cultural<\/title>\n<meta name=\"description\" content=\"Somos una empresa innovadora dedicada a crear reconstrucciones 3D excepcionales y experiencias de Realidad Virtual para revivir la Historia.\" \/>\n<meta name=\"robots\" content=\"index, follow, max-snippet:-1, max-image-preview:large, max-video-preview:-1\" \/>\n<link rel=\"canonical\" href=\"https:\/\/virtusmagic.com\/es\/\" \/>\n<meta property=\"og:locale\" content=\"es_ES\" \/>\n<meta property=\"og:type\" content=\"article\" \/>\n<meta property=\"og:title\" content=\"Reconstrucciones 3D y Realidad Virtual para Patrimonio Cultural\" \/>\n<meta property=\"og:description\" content=\"Somos una empresa innovadora dedicada a crear reconstrucciones 3D excepcionales y experiencias de Realidad Virtual para revivir la Historia.\" \/>\n<meta property=\"og:url\" content=\"https:\/\/virtusmagic.com\/es\/\" \/>\n<meta property=\"og:site_name\" content=\"Virtus Magic\" \/>\n<meta property=\"article:modified_time\" content=\"2025-05-26T10:18:00+00:00\" \/>\n<meta name=\"twitter:card\" content=\"summary_large_image\" \/>\n<meta name=\"twitter:label1\" content=\"Tiempo de lectura\" \/>\n\t<meta name=\"twitter:data1\" content=\"2 minutos\" \/>\n<script type=\"application\/ld+json\" class=\"yoast-schema-graph\">{\"@context\":\"https:\/\/schema.org\",\"@graph\":[{\"@type\":\"WebPage\",\"@id\":\"https:\/\/virtusmagic.com\/es\/\",\"url\":\"https:\/\/virtusmagic.com\/es\/\",\"name\":\"Reconstrucciones 3D y Realidad Virtual para Patrimonio Cultural\",\"isPartOf\":{\"@id\":\"https:\/\/virtusmagic.com\/#website\"},\"datePublished\":\"2025-02-10T23:14:40+00:00\",\"dateModified\":\"2025-05-26T10:18:00+00:00\",\"description\":\"Somos una empresa innovadora dedicada a crear reconstrucciones 3D excepcionales y experiencias de Realidad Virtual para revivir la Historia.\",\"breadcrumb\":{\"@id\":\"https:\/\/virtusmagic.com\/es\/#breadcrumb\"},\"inLanguage\":\"es\",\"potentialAction\":[{\"@type\":\"ReadAction\",\"target\":[\"https:\/\/virtusmagic.com\/es\/\"]}]},{\"@type\":\"BreadcrumbList\",\"@id\":\"https:\/\/virtusmagic.com\/es\/#breadcrumb\",\"itemListElement\":[{\"@type\":\"ListItem\",\"position\":1,\"name\":\"Home\",\"item\":\"https:\/\/virtusmagic.com\/es\/\"},{\"@type\":\"ListItem\",\"position\":2,\"name\":\"Inicio\"}]},{\"@type\":\"WebSite\",\"@id\":\"https:\/\/virtusmagic.com\/#website\",\"url\":\"https:\/\/virtusmagic.com\/\",\"name\":\"Virtus Magic\",\"description\":\"Experiencias interactivas para la comunicaci\u00f3n del Patrimonio Cultural\",\"potentialAction\":[{\"@type\":\"SearchAction\",\"target\":{\"@type\":\"EntryPoint\",\"urlTemplate\":\"https:\/\/virtusmagic.com\/?s={search_term_string}\"},\"query-input\":{\"@type\":\"PropertyValueSpecification\",\"valueRequired\":true,\"valueName\":\"search_term_string\"}}],\"inLanguage\":\"es\"}]}<\/script>\n<!-- \/ Yoast SEO plugin. -->","yoast_head_json":{"title":"Reconstrucciones 3D y Realidad Virtual para Patrimonio Cultural","description":"Somos una empresa innovadora dedicada a crear reconstrucciones 3D excepcionales y experiencias de Realidad Virtual para revivir la Historia.","robots":{"index":"index","follow":"follow","max-snippet":"max-snippet:-1","max-image-preview":"max-image-preview:large","max-video-preview":"max-video-preview:-1"},"canonical":"https:\/\/virtusmagic.com\/es\/","og_locale":"es_ES","og_type":"article","og_title":"Reconstrucciones 3D y Realidad Virtual para Patrimonio Cultural","og_description":"Somos una empresa innovadora dedicada a crear reconstrucciones 3D excepcionales y experiencias de Realidad Virtual para revivir la Historia.","og_url":"https:\/\/virtusmagic.com\/es\/","og_site_name":"Virtus Magic","article_modified_time":"2025-05-26T10:18:00+00:00","twitter_card":"summary_large_image","twitter_misc":{"Tiempo de lectura":"2 minutos"},"schema":{"@context":"https:\/\/schema.org","@graph":[{"@type":"WebPage","@id":"https:\/\/virtusmagic.com\/es\/","url":"https:\/\/virtusmagic.com\/es\/","name":"Reconstrucciones 3D y Realidad Virtual para Patrimonio Cultural","isPartOf":{"@id":"https:\/\/virtusmagic.com\/#website"},"datePublished":"2025-02-10T23:14:40+00:00","dateModified":"2025-05-26T10:18:00+00:00","description":"Somos una empresa innovadora dedicada a crear reconstrucciones 3D excepcionales y experiencias de Realidad Virtual para revivir la Historia.","breadcrumb":{"@id":"https:\/\/virtusmagic.com\/es\/#breadcrumb"},"inLanguage":"es","potentialAction":[{"@type":"ReadAction","target":["https:\/\/virtusmagic.com\/es\/"]}]},{"@type":"BreadcrumbList","@id":"https:\/\/virtusmagic.com\/es\/#breadcrumb","itemListElement":[{"@type":"ListItem","position":1,"name":"Home","item":"https:\/\/virtusmagic.com\/es\/"},{"@type":"ListItem","position":2,"name":"Inicio"}]},{"@type":"WebSite","@id":"https:\/\/virtusmagic.com\/#website","url":"https:\/\/virtusmagic.com\/","name":"Virtus Magic","description":"Experiencias interactivas para la comunicaci\u00f3n del Patrimonio Cultural","potentialAction":[{"@type":"SearchAction","target":{"@type":"EntryPoint","urlTemplate":"https:\/\/virtusmagic.com\/?s={search_term_string}"},"query-input":{"@type":"PropertyValueSpecification","valueRequired":true,"valueName":"search_term_string"}}],"inLanguage":"es"}]}},"_links":{"self":[{"href":"https:\/\/virtusmagic.com\/es\/wp-json\/wp\/v2\/pages\/8035"}],"collection":[{"href":"https:\/\/virtusmagic.com\/es\/wp-json\/wp\/v2\/pages"}],"about":[{"href":"https:\/\/virtusmagic.com\/es\/wp-json\/wp\/v2\/types\/page"}],"author":[{"embeddable":true,"href":"https:\/\/virtusmagic.com\/es\/wp-json\/wp\/v2\/users\/1"}],"replies":[{"embeddable":true,"href":"https:\/\/virtusmagic.com\/es\/wp-json\/wp\/v2\/comments?post=8035"}],"version-history":[{"count":9,"href":"https:\/\/virtusmagic.com\/es\/wp-json\/wp\/v2\/pages\/8035\/revisions"}],"predecessor-version":[{"id":8257,"href":"https:\/\/virtusmagic.com\/es\/wp-json\/wp\/v2\/pages\/8035\/revisions\/8257"}],"wp:attachment":[{"href":"https:\/\/virtusmagic.com\/es\/wp-json\/wp\/v2\/media?parent=8035"}],"curies":[{"name":"wp","href":"https:\/\/api.w.org\/{rel}","templated":true}]}}