{"id":8193,"date":"2025-05-19T02:16:53","date_gmt":"2025-05-19T00:16:53","guid":{"rendered":"https:\/\/virtusmagic.com\/?page_id=8193"},"modified":"2025-05-23T22:03:50","modified_gmt":"2025-05-23T20:03:50","slug":"vr","status":"publish","type":"page","link":"https:\/\/virtusmagic.com\/es\/vr\/","title":{"rendered":"Contenido 2: VR"},"content":{"rendered":"<p>[vc_row section_type=\u00bbfullwidth\u00bb padding_bottom_multiplier=\u00bb2x\u00bb][vc_column text_align=\u00bbcenter\u00bb css=\u00bb.vc_custom_1621973500539{padding-left: 20px !important;}\u00bb]<h3 class=\"eut-element eut-title eut-align-inherit eut-h3\" style=\"\"><span>Creamos Tours Virtuales Inmersivos para mostrar yacimientos arqueol\u00f3gicos en detalle<\/span><\/h3><h4 class=\"eut-element eut-title eut-align-inherit eut-h5\" style=\"\"><span>Nuestros dispositivos de RV, listos para usar, ofrecen experiencias fluidas y adaptables al p\u00fablico<\/span><\/h4>[\/vc_column][\/vc_row][vc_row section_type=\u00bbfullwidth\u00bb padding_top_multiplier=\u00bbcustom\u00bb padding_bottom_multiplier=\u00bb2x\u00bb rc_heading_color=\u00bblight\u00bb rc_bg_type=\u00bbimage\u00bb rc_bg_image=\u00bb7783&#8243; rc_bg_image_type=\u00bbfixed\u00bb rc_bg_color_overlay=\u00bbprimary-1&#8243; rc_bg_opacity_overlay=\u00bb70&#8243; rc_bg_color=\u00bb#283540&#8243; padding_top=\u00bb1000px\u00bb][vc_column]<h4 class=\"eut-element eut-title eut-align-center eut-h2\" style=\"\"><span>Caracter\u00edsticas clave de nuestra soluci\u00f3n:<\/span><\/h4>[\/vc_column][\/vc_row][vc_row section_type=\u00bbfullwidth\u00bb padding_bottom_multiplier=\u00bb2x\u00bb rc_heading_color=\u00bblight\u00bb rc_bg_type=\u00bbimage\u00bb rc_bg_image=\u00bb7783&#8243; rc_bg_image_type=\u00bbfixed\u00bb rc_bg_color_overlay=\u00bbprimary-1&#8243; rc_bg_opacity_overlay=\u00bb70&#8243; columns_gap=\u00bb60&#8243; equal_column_height=\u00bbequal\u00bb rc_font_color=\u00bb#ffffff\u00bb rc_bg_color=\u00bb#283540&#8243;][vc_column width=\u00bb1\/2&#8243;][vc_row_inner][vc_column_inner width=\u00bb1\/3&#8243;][\/vc_column_inner][vc_column_inner width=\u00bb1\/3&#8243; clipping_animation=\u00bbclipping-left\u00bb]<div class=\"eut-element eut-image eut-align-left\" style=\"\"><div class=\"eut-image-wrapper eut-popup-item\" style=\"max-width:1595px;\"><div class=\"eut-thumbnail-wrapper\"  style=\"max-width: 1595px;\"><div class=\"eut-thumbnail\"  style=\"padding-top: 59.122%;\"><img loading=\"lazy\" decoding=\"async\" width=\"1595\" height=\"943\" src=\"https:\/\/virtusmagic.com\/wp-content\/uploads\/2024\/09\/Itinerarios.jpg\" class=\"attachment-full size-full\" alt=\"custom_virtual_tours\" data-eutf-filter=\"yes\" srcset=\"https:\/\/virtusmagic.com\/wp-content\/uploads\/2024\/09\/Itinerarios.jpg 1595w, https:\/\/virtusmagic.com\/wp-content\/uploads\/2024\/09\/Itinerarios-768x454.jpg 768w, https:\/\/virtusmagic.com\/wp-content\/uploads\/2024\/09\/Itinerarios-1536x908.jpg 1536w\" sizes=\"(max-width: 1595px) 100vw, 1595px\" \/><\/div><\/div>  <\/div><\/div>[\/vc_column_inner][vc_column_inner width=\u00bb1\/3&#8243;]<h3 class=\"eut-element eut-title eut-align-inherit eut-animated-item eut-duration-normal eut-fade-in-down eut-h3\" style=\"\" data-delay=\"200\"><span><strong>Itinerarios personalizados<\/strong><\/span><\/h3>[vc_column_text animation=\u00bbeut-fade-in-down\u00bb]Trabajamos contigo para dise\u00f1ar el itinerario m\u00e1s adecuado, adaptado a tus necesidades e intereses espec\u00edficos.[\/vc_column_text][\/vc_column_inner][\/vc_row_inner][\/vc_column][vc_column width=\u00bb1\/2&#8243;][vc_row_inner][vc_column_inner width=\u00bb1\/3&#8243; block_content=\u00bbvideo-embeds\u00bb clipping_animation=\u00bbclipping-right\u00bb]<div class=\"eut-element eut-image eut-align-left\" style=\"\"><div class=\"eut-image-wrapper eut-popup-item\" style=\"max-width:600px;\"><div class=\"eut-thumbnail-wrapper\"  style=\"max-width: 600px;\"><div class=\"eut-thumbnail\"  style=\"padding-top: 56.333%;\"><img loading=\"lazy\" decoding=\"async\" width=\"600\" height=\"338\" src=\"https:\/\/virtusmagic.com\/wp-content\/uploads\/2024\/11\/VR_360_stereo.jpg\" class=\"attachment-full size-full\" alt=\"VR_360_Stereo\" data-eutf-filter=\"yes\" \/><\/div><\/div>  <\/div><\/div>[\/vc_column_inner][vc_column_inner width=\u00bb1\/3&#8243;]<h3 class=\"eut-element eut-title eut-align-inherit eut-animated-item eut-duration-normal eut-fade-in-down eut-h3\" style=\"\" data-delay=\"200\"><span><strong>Visi\u00f3n Estereosc\u00f3pica 360\u00ba Completa<\/strong><\/span><\/h3>[vc_column_text animation=\u00bbeut-fade-in-down\u00bb]Sum\u00e9rgete en el pasado con una visi\u00f3n interactiva de 360\u00ba. El efecto 3D ofrece una sensaci\u00f3n realista de profundidad, haciendo que la historia cobre vida ante tus ojos.[\/vc_column_text][\/vc_column_inner][vc_column_inner width=\u00bb1\/3&#8243;][\/vc_column_inner][\/vc_row_inner][\/vc_column][\/vc_row][vc_row section_type=\u00bbfullwidth\u00bb padding_bottom_multiplier=\u00bb2x\u00bb rc_heading_color=\u00bblight\u00bb rc_bg_type=\u00bbimage\u00bb rc_bg_image=\u00bb7783&#8243; rc_bg_image_type=\u00bbfixed\u00bb rc_bg_color_overlay=\u00bbprimary-1&#8243; rc_bg_opacity_overlay=\u00bb70&#8243; columns_gap=\u00bb60&#8243; equal_column_height=\u00bbequal\u00bb rc_font_color=\u00bb#ffffff\u00bb rc_bg_color=\u00bb#283540&#8243;][vc_column width=\u00bb1\/2&#8243;][vc_row_inner][vc_column_inner width=\u00bb1\/3&#8243;][\/vc_column_inner][vc_column_inner width=\u00bb1\/3&#8243; clipping_animation=\u00bbclipping-left\u00bb]<div id=\"twenty20-1\" class=\"twenty20\" style=\"width: 100% !important; clear: both;\"><div class=\"twentytwenty-container twenty20-1 t20-hover\"><img decoding=\"async\" src=\"https:\/\/virtusmagic.com\/wp-content\/uploads\/2021\/05\/Mithraeum_3D.jpg\" alt=\"London Mithraeum 3D\" \/><img decoding=\"async\" src=\"https:\/\/virtusmagic.com\/wp-content\/uploads\/2021\/05\/Mithraeum_Real.jpg\" alt=\"London Mithraeum Picture\" \/><\/div><\/div>[\/vc_column_inner][vc_column_inner width=\u00bb1\/3&#8243;]<h3 class=\"eut-element eut-title eut-align-inherit eut-animated-item eut-duration-normal eut-fade-in-down eut-h3\" style=\"\" data-delay=\"200\"><span><strong>Visor Interactivo Pasado-Presente<\/strong><\/span><\/h3>[vc_column_text animation=\u00bbeut-fade-in-down\u00bb]Cambia f\u00e1cilmente entre el estado actual y las reconstrucciones hist\u00f3ricas mediante un intuitivo bot\u00f3n Pasado\/Presente, que permite visualizar la transformaci\u00f3n a lo largo del tiempo.[\/vc_column_text][\/vc_column_inner][\/vc_row_inner][\/vc_column][vc_column width=\u00bb1\/2&#8243;][vc_row_inner][vc_column_inner width=\u00bb1\/3&#8243; clipping_animation=\u00bbclipping-right\u00bb]<div class=\"eut-element eut-image eut-align-center\" style=\"\"><div class=\"eut-image-wrapper eut-popup-item\" style=\"max-width:560px;\"><div class=\"eut-thumbnail-wrapper\"  style=\"max-width: 560px;\"><div class=\"eut-thumbnail\"  style=\"padding-top: 72.857%;\"><img loading=\"lazy\" decoding=\"async\" width=\"560\" height=\"408\" src=\"https:\/\/virtusmagic.com\/wp-content\/uploads\/2024\/11\/Multi_language_v2-560x408.jpg\" class=\"attachment-crocal-eutf-small-rect-horizontal size-crocal-eutf-small-rect-horizontal\" alt=\"Multilanguage\" data-eutf-filter=\"yes\" \/><\/div><\/div>  <\/div><\/div>[\/vc_column_inner][vc_column_inner width=\u00bb1\/3&#8243;]<h3 class=\"eut-element eut-title eut-align-inherit eut-animated-item eut-duration-normal eut-fade-in-down eut-h3\" style=\"\" data-delay=\"200\"><span><strong>Soporte Multiling\u00fce con Extras de Audio y Video<\/strong><\/span><\/h3>[vc_column_text animation=\u00bbeut-fade-in-down\u00bb]Enriquece la experiencia con opciones en varios idiomas y contenidos adicionales en audio y video que aportan contexto e informaci\u00f3n m\u00e1s profunda.[\/vc_column_text][\/vc_column_inner][vc_column_inner width=\u00bb1\/3&#8243;][\/vc_column_inner][\/vc_row_inner][\/vc_column][\/vc_row][vc_row section_type=\u00bbfullwidth\u00bb padding_bottom_multiplier=\u00bb6x\u00bb rc_heading_color=\u00bblight\u00bb rc_bg_type=\u00bbimage\u00bb rc_bg_image=\u00bb7783&#8243; rc_bg_image_type=\u00bbfixed\u00bb rc_bg_color_overlay=\u00bbprimary-1&#8243; rc_bg_opacity_overlay=\u00bb70&#8243; columns_gap=\u00bb60&#8243; equal_column_height=\u00bbequal\u00bb rc_font_color=\u00bb#ffffff\u00bb rc_bg_color=\u00bb#283540&#8243;][vc_column width=\u00bb1\/2&#8243;][vc_row_inner][vc_column_inner width=\u00bb1\/3&#8243;][\/vc_column_inner][vc_column_inner width=\u00bb1\/3&#8243; clipping_animation=\u00bbclipping-left\u00bb]<div class=\"eut-element eut-image eut-align-left\" style=\"\"><div class=\"eut-image-wrapper eut-popup-item\" style=\"max-width:1000px;\"><div class=\"eut-thumbnail-wrapper\"  style=\"max-width: 1000px;\"><div class=\"eut-thumbnail\"  style=\"padding-top: 67.1%;\"><img loading=\"lazy\" decoding=\"async\" width=\"1000\" height=\"671\" src=\"https:\/\/virtusmagic.com\/wp-content\/uploads\/2021\/05\/foto3370431-4_g.jpg\" class=\"attachment-full size-full\" alt=\"Empuries_Virtual_Reality_Group\" data-eutf-filter=\"yes\" srcset=\"https:\/\/virtusmagic.com\/wp-content\/uploads\/2021\/05\/foto3370431-4_g.jpg 1000w, https:\/\/virtusmagic.com\/wp-content\/uploads\/2021\/05\/foto3370431-4_g-768x515.jpg 768w\" sizes=\"(max-width: 1000px) 100vw, 1000px\" \/><\/div><\/div>  <\/div><\/div>[\/vc_column_inner][vc_column_inner width=\u00bb1\/3&#8243;]<h3 class=\"eut-element eut-title eut-align-inherit eut-animated-item eut-duration-normal eut-fade-in-down eut-h3\" style=\"\" data-delay=\"200\"><span><strong>Uso <em>In Situ<\/em> \/ Espacios Interiores y Exteriores<\/strong><\/span><\/h3>[vc_column_text animation=\u00bbeut-fade-in-down\u00bb]Nuestros dispositivos VR est\u00e1n preparados para su uso \u00abin situ\u00bb, tanto en interiores como en exteriores, incluso bajo luz solar directa. Un protector solar especialmente dise\u00f1ado resguarda la pantalla, permitiendo disfrutar la experiencia con seguridad en cualquier entorno.[\/vc_column_text][\/vc_column_inner][\/vc_row_inner][\/vc_column][vc_column width=\u00bb1\/2&#8243;][vc_row_inner][vc_column_inner width=\u00bb1\/3&#8243; clipping_animation=\u00bbclipping-right\u00bb]<div class=\"eut-element eut-image eut-align-center\" style=\"\"><div class=\"eut-image-wrapper eut-popup-item\" style=\"max-width:500px;\"><div class=\"eut-thumbnail-wrapper\"  style=\"max-width: 500px;\"><div class=\"eut-thumbnail\"  style=\"padding-top: 98%;\"><img loading=\"lazy\" decoding=\"async\" width=\"500\" height=\"490\" src=\"https:\/\/virtusmagic.com\/wp-content\/uploads\/2024\/11\/portable-storage_low.png\" class=\"attachment-crocal-eutf-small-square size-crocal-eutf-small-square\" alt=\"VR_Headset_storage\" data-eutf-filter=\"yes\" \/><\/div><\/div>  <\/div><\/div>[\/vc_column_inner][vc_column_inner width=\u00bb1\/3&#8243;]<h3 class=\"eut-element eut-title eut-align-inherit eut-animated-item eut-duration-normal eut-fade-in-down eut-h3\" style=\"\" data-delay=\"200\"><span><strong>Listo para Usar<\/strong><\/span><\/h3>[vc_column_text animation=\u00bbeut-fade-in-down\u00bb]F\u00e1cil de transportar, con almacenamiento seguro y carga integrada, ideal para experiencias grupales sin complicaciones.[\/vc_column_text][\/vc_column_inner][vc_column_inner width=\u00bb1\/3&#8243;][\/vc_column_inner][\/vc_row_inner][\/vc_column][\/vc_row][vc_row padding_top_multiplier=\u00bb3x\u00bb padding_bottom_multiplier=\u00bb3x\u00bb][vc_column rc_heading_color=\u00bbprimary-1&#8243;]<h2 class=\"eut-element eut-title eut-align-center eut-h2\" style=\"\"><span><br>\n<p style=\"text-align: left;\">Tres razones para incorporar experiencias inmersivas<br>\n<\/span><\/h2><div class=\"eut-empty-space eut-height-1x\" style=\"\"><\/div><h3 class=\"eut-element eut-title eut-align-inherit eut-h6\" style=\"\"><span>M\u00e1s que una tendencia, los tours virtuales son un recurso que aporta nuevas posibilidades de interpretaci\u00f3n, accesibilidad y difusi\u00f3n del patrimonio.<\/span><\/h3><div class=\"eut-empty-space eut-height-4x\" style=\"\"><\/div>[vc_row_inner padding_top_multiplier=\u00bb\u00bb columns_gap=\u00bb30&#8243; equal_column_height=\u00bbequal\u00bb][vc_column_inner width=\u00bb1\/3&#8243; rc_heading_color=\u00bbprimary-1&#8243;]<div class=\"eut-element eut-align-inherit eut-animated-item eut-fade-in-up eut-duration-normal\" style=\"\" data-delay=\"200\"><div class=\"eut-single-icon eut-small\"><div class=\"eut-wrapper-icon eut-no-shape eut-text-grey\" style=\"\"><i class=\"eut-inner-icon fas fa-graduation-cap eut-text-primary-2\"><\/i><\/div><\/div><\/div><div class=\"eut-empty-space eut-height-1x\" style=\"\"><\/div><h3 class=\"eut-element eut-title eut-align-inherit eut-animated-item eut-duration-normal eut-fade-in-left eut-h4\" style=\"\" data-delay=\"200\"><span><strong>1. Enriquecen la experiencia de visita<\/strong><\/span><\/h3>[vc_column_text animation=\u00bbeut-fade-in-left\u00bb]Los tours virtuales <strong>complementan la visita presencial<\/strong>, permitiendo explorar contenidos de forma inmersiva e interactiva. Esta experiencia facilita la comprensi\u00f3n del contexto hist\u00f3rico y ofrece el potencial de crear <strong>experiencias atractivas, educativas y memorables<\/strong>.[\/vc_column_text][\/vc_column_inner][vc_column_inner width=\u00bb1\/3&#8243; rc_heading_color=\u00bbprimary-1&#8243;]<div class=\"eut-element eut-align-inherit eut-animated-item eut-fade-in-up eut-duration-normal\" style=\"\" data-delay=\"200\"><div class=\"eut-single-icon eut-small\"><div class=\"eut-wrapper-icon eut-no-shape eut-text-grey\" style=\"\"><i class=\"eut-inner-icon fas fa-magnet eut-text-primary-2\"><\/i><\/div><\/div><\/div><div class=\"eut-empty-space eut-height-1x\" style=\"\"><\/div><h3 class=\"eut-element eut-title eut-align-inherit eut-animated-item eut-duration-normal eut-fade-in-left eut-h4\" style=\"\" data-delay=\"200\"><span><strong>2. Aumentan el alcance y la visibilidad<\/strong><\/span><\/h3>[vc_column_text animation=\u00bbeut-fade-in-left\u00bb]Las experiencias inmersivas despiertan la curiosidad del p\u00fablico, estimulan la difusi\u00f3n espont\u00e1nea en redes sociales y atraen el inter\u00e9s de los medios. Esto contribuye a<strong> reforzar la presencia p\u00fablica<\/strong> de la instituci\u00f3n gestora[\/vc_column_text][\/vc_column_inner][vc_column_inner width=\u00bb1\/3&#8243; rc_heading_color=\u00bbprimary-1&#8243;]<div class=\"eut-element eut-align-inherit eut-animated-item eut-fade-in-up eut-duration-normal\" style=\"\" data-delay=\"200\"><div class=\"eut-single-icon eut-small\"><div class=\"eut-wrapper-icon eut-no-shape eut-text-grey\" style=\"\"><i class=\"eut-inner-icon fas fa-chart-line eut-text-primary-2\"><\/i><\/div><\/div><\/div><div class=\"eut-empty-space eut-height-1x\" style=\"\"><\/div><h3 class=\"eut-element eut-title eut-align-inherit eut-animated-item eut-duration-normal eut-fade-in-left eut-h4\" style=\"\" data-delay=\"200\"><span><strong>3. Soluci\u00f3n escalable y rentable<\/strong><\/span><\/h3>[vc_column_text animation=\u00bbeut-fade-in-left\u00bb]<\/p>\n<p data-start=\"194\" data-end=\"340\">La realidad virtual permite ampliar la oferta expositiva sin necesidad de reformas f\u00edsicas costosas y poco vers\u00e1tiles, ofreciendo <strong>mayor flexibilidad y escalabilidad<\/strong> en la presentaci\u00f3n de contenidos culturales.<\/p>\n<p>[\/vc_column_text][\/vc_column_inner][\/vc_row_inner][\/vc_column][\/vc_row]<\/p>\n","protected":false},"excerpt":{"rendered":"<p>[vc_row section_type=\u00bbfullwidth\u00bb padding_bottom_multiplier=\u00bb2x\u00bb][vc_column text_align=\u00bbcenter\u00bb css=\u00bb.vc_custom_1621973500539{padding-left: 20px !important;}\u00bb][\/vc_column][\/vc_row][vc_row section_type=\u00bbfullwidth\u00bb padding_top_multiplier=\u00bbcustom\u00bb padding_bottom_multiplier=\u00bb2x\u00bb rc_heading_color=\u00bblight\u00bb rc_bg_type=\u00bbimage\u00bb rc_bg_image=\u00bb7783&#8243; rc_bg_image_type=\u00bbfixed\u00bb rc_bg_color_overlay=\u00bbprimary-1&#8243; rc_bg_opacity_overlay=\u00bb70&#8243; rc_bg_color=\u00bb#283540&#8243; padding_top=\u00bb1000px\u00bb][vc_column][\/vc_column][\/vc_row][vc_row section_type=\u00bbfullwidth\u00bb padding_bottom_multiplier=\u00bb2x\u00bb rc_heading_color=\u00bblight\u00bb rc_bg_type=\u00bbimage\u00bb rc_bg_image=\u00bb7783&#8243; rc_bg_image_type=\u00bbfixed\u00bb rc_bg_color_overlay=\u00bbprimary-1&#8243; rc_bg_opacity_overlay=\u00bb70&#8243; columns_gap=\u00bb60&#8243; equal_column_height=\u00bbequal\u00bb rc_font_color=\u00bb#ffffff\u00bb rc_bg_color=\u00bb#283540&#8243;][vc_column width=\u00bb1\/2&#8243;][vc_row_inner][vc_column_inner width=\u00bb1\/3&#8243;][\/vc_column_inner][vc_column_inner width=\u00bb1\/3&#8243; clipping_animation=\u00bbclipping-left\u00bb][\/vc_column_inner][vc_column_inner width=\u00bb1\/3&#8243;][vc_column_text animation=\u00bbeut-fade-in-down\u00bb]Trabajamos contigo para dise\u00f1ar el itinerario m\u00e1s adecuado, adaptado a tus necesidades e intereses espec\u00edficos.[\/vc_column_text][\/vc_column_inner][\/vc_row_inner][\/vc_column][vc_column width=\u00bb1\/2&#8243;][vc_row_inner][vc_column_inner width=\u00bb1\/3&#8243; block_content=\u00bbvideo-embeds\u00bb clipping_animation=\u00bbclipping-right\u00bb][\/vc_column_inner][vc_column_inner width=\u00bb1\/3&#8243;][vc_column_text [&hellip;]<\/p>\n","protected":false},"author":1,"featured_media":0,"parent":0,"menu_order":0,"comment_status":"closed","ping_status":"closed","template":"","meta":{"_monsterinsights_skip_tracking":false,"_monsterinsights_sitenote_active":false,"_monsterinsights_sitenote_note":"","_monsterinsights_sitenote_category":0,"footnotes":""},"class_list":["post-8193","page","type-page","status-publish","hentry"],"yoast_head":"<!-- This site is optimized with the Yoast SEO plugin v25.6 - https:\/\/yoast.com\/wordpress\/plugins\/seo\/ -->\n<title>Virtus Magic - Tours de Realidad Virtual en Patrimonio Cultural para uso in situ<\/title>\n<meta name=\"description\" content=\"Visualiza reconstrucciones 3D de lugares arqueol\u00f3gicos e hist\u00f3ricos a lo largo de un recorrido en una experiencia totalmente inmersiva.\" \/>\n<meta name=\"robots\" content=\"index, follow, max-snippet:-1, max-image-preview:large, max-video-preview:-1\" \/>\n<link rel=\"canonical\" href=\"https:\/\/virtusmagic.com\/es\/vr\/\" \/>\n<meta property=\"og:locale\" content=\"es_ES\" \/>\n<meta property=\"og:type\" content=\"article\" \/>\n<meta property=\"og:title\" content=\"Virtus Magic - Tours de Realidad Virtual en Patrimonio Cultural para uso in situ\" \/>\n<meta property=\"og:description\" content=\"Visualiza reconstrucciones 3D de lugares arqueol\u00f3gicos e hist\u00f3ricos a lo largo de un recorrido en una experiencia totalmente inmersiva.\" \/>\n<meta property=\"og:url\" content=\"https:\/\/virtusmagic.com\/es\/vr\/\" \/>\n<meta property=\"og:site_name\" content=\"Virtus Magic\" \/>\n<meta property=\"article:modified_time\" content=\"2025-05-23T20:03:50+00:00\" \/>\n<meta name=\"twitter:card\" content=\"summary_large_image\" \/>\n<meta name=\"twitter:label1\" content=\"Tiempo de lectura\" \/>\n\t<meta name=\"twitter:data1\" content=\"3 minutos\" \/>\n<script type=\"application\/ld+json\" class=\"yoast-schema-graph\">{\"@context\":\"https:\/\/schema.org\",\"@graph\":[{\"@type\":\"WebPage\",\"@id\":\"https:\/\/virtusmagic.com\/es\/vr\/\",\"url\":\"https:\/\/virtusmagic.com\/es\/vr\/\",\"name\":\"Virtus Magic - Tours de Realidad Virtual en Patrimonio Cultural para uso in situ\",\"isPartOf\":{\"@id\":\"https:\/\/virtusmagic.com\/#website\"},\"datePublished\":\"2025-05-19T00:16:53+00:00\",\"dateModified\":\"2025-05-23T20:03:50+00:00\",\"description\":\"Visualiza reconstrucciones 3D de lugares arqueol\u00f3gicos e hist\u00f3ricos a lo largo de un recorrido en una experiencia totalmente inmersiva.\",\"breadcrumb\":{\"@id\":\"https:\/\/virtusmagic.com\/es\/vr\/#breadcrumb\"},\"inLanguage\":\"es\",\"potentialAction\":[{\"@type\":\"ReadAction\",\"target\":[\"https:\/\/virtusmagic.com\/es\/vr\/\"]}]},{\"@type\":\"BreadcrumbList\",\"@id\":\"https:\/\/virtusmagic.com\/es\/vr\/#breadcrumb\",\"itemListElement\":[{\"@type\":\"ListItem\",\"position\":1,\"name\":\"Home\",\"item\":\"https:\/\/virtusmagic.com\/es\/\"},{\"@type\":\"ListItem\",\"position\":2,\"name\":\"Contenido 2: VR\"}]},{\"@type\":\"WebSite\",\"@id\":\"https:\/\/virtusmagic.com\/#website\",\"url\":\"https:\/\/virtusmagic.com\/\",\"name\":\"Virtus Magic\",\"description\":\"Experiencias interactivas para la comunicaci\u00f3n del Patrimonio Cultural\",\"potentialAction\":[{\"@type\":\"SearchAction\",\"target\":{\"@type\":\"EntryPoint\",\"urlTemplate\":\"https:\/\/virtusmagic.com\/?s={search_term_string}\"},\"query-input\":{\"@type\":\"PropertyValueSpecification\",\"valueRequired\":true,\"valueName\":\"search_term_string\"}}],\"inLanguage\":\"es\"}]}<\/script>\n<!-- \/ Yoast SEO plugin. -->","yoast_head_json":{"title":"Virtus Magic - Tours de Realidad Virtual en Patrimonio Cultural para uso in situ","description":"Visualiza reconstrucciones 3D de lugares arqueol\u00f3gicos e hist\u00f3ricos a lo largo de un recorrido en una experiencia totalmente inmersiva.","robots":{"index":"index","follow":"follow","max-snippet":"max-snippet:-1","max-image-preview":"max-image-preview:large","max-video-preview":"max-video-preview:-1"},"canonical":"https:\/\/virtusmagic.com\/es\/vr\/","og_locale":"es_ES","og_type":"article","og_title":"Virtus Magic - Tours de Realidad Virtual en Patrimonio Cultural para uso in situ","og_description":"Visualiza reconstrucciones 3D de lugares arqueol\u00f3gicos e hist\u00f3ricos a lo largo de un recorrido en una experiencia totalmente inmersiva.","og_url":"https:\/\/virtusmagic.com\/es\/vr\/","og_site_name":"Virtus Magic","article_modified_time":"2025-05-23T20:03:50+00:00","twitter_card":"summary_large_image","twitter_misc":{"Tiempo de lectura":"3 minutos"},"schema":{"@context":"https:\/\/schema.org","@graph":[{"@type":"WebPage","@id":"https:\/\/virtusmagic.com\/es\/vr\/","url":"https:\/\/virtusmagic.com\/es\/vr\/","name":"Virtus Magic - Tours de Realidad Virtual en Patrimonio Cultural para uso in situ","isPartOf":{"@id":"https:\/\/virtusmagic.com\/#website"},"datePublished":"2025-05-19T00:16:53+00:00","dateModified":"2025-05-23T20:03:50+00:00","description":"Visualiza reconstrucciones 3D de lugares arqueol\u00f3gicos e hist\u00f3ricos a lo largo de un recorrido en una experiencia totalmente inmersiva.","breadcrumb":{"@id":"https:\/\/virtusmagic.com\/es\/vr\/#breadcrumb"},"inLanguage":"es","potentialAction":[{"@type":"ReadAction","target":["https:\/\/virtusmagic.com\/es\/vr\/"]}]},{"@type":"BreadcrumbList","@id":"https:\/\/virtusmagic.com\/es\/vr\/#breadcrumb","itemListElement":[{"@type":"ListItem","position":1,"name":"Home","item":"https:\/\/virtusmagic.com\/es\/"},{"@type":"ListItem","position":2,"name":"Contenido 2: VR"}]},{"@type":"WebSite","@id":"https:\/\/virtusmagic.com\/#website","url":"https:\/\/virtusmagic.com\/","name":"Virtus Magic","description":"Experiencias interactivas para la comunicaci\u00f3n del Patrimonio Cultural","potentialAction":[{"@type":"SearchAction","target":{"@type":"EntryPoint","urlTemplate":"https:\/\/virtusmagic.com\/?s={search_term_string}"},"query-input":{"@type":"PropertyValueSpecification","valueRequired":true,"valueName":"search_term_string"}}],"inLanguage":"es"}]}},"_links":{"self":[{"href":"https:\/\/virtusmagic.com\/es\/wp-json\/wp\/v2\/pages\/8193"}],"collection":[{"href":"https:\/\/virtusmagic.com\/es\/wp-json\/wp\/v2\/pages"}],"about":[{"href":"https:\/\/virtusmagic.com\/es\/wp-json\/wp\/v2\/types\/page"}],"author":[{"embeddable":true,"href":"https:\/\/virtusmagic.com\/es\/wp-json\/wp\/v2\/users\/1"}],"replies":[{"embeddable":true,"href":"https:\/\/virtusmagic.com\/es\/wp-json\/wp\/v2\/comments?post=8193"}],"version-history":[{"count":15,"href":"https:\/\/virtusmagic.com\/es\/wp-json\/wp\/v2\/pages\/8193\/revisions"}],"predecessor-version":[{"id":8232,"href":"https:\/\/virtusmagic.com\/es\/wp-json\/wp\/v2\/pages\/8193\/revisions\/8232"}],"wp:attachment":[{"href":"https:\/\/virtusmagic.com\/es\/wp-json\/wp\/v2\/media?parent=8193"}],"curies":[{"name":"wp","href":"https:\/\/api.w.org\/{rel}","templated":true}]}}