{"id":8202,"date":"2025-05-22T20:56:37","date_gmt":"2025-05-22T18:56:37","guid":{"rendered":"https:\/\/virtusmagic.com\/?page_id=8202"},"modified":"2025-05-23T00:38:44","modified_gmt":"2025-05-22T22:38:44","slug":"nosotros","status":"publish","type":"page","link":"https:\/\/virtusmagic.com\/es\/nosotros\/","title":{"rendered":"Sobre nosotros"},"content":{"rendered":"<p>[vc_row section_type=\u00bbfullwidth\u00bb padding_bottom_multiplier=\u00bb\u00bb rc_bg_type=\u00bbcolor\u00bb rc_bg_color=\u00bb#f4f4f4&#8243;][vc_column]<h3 class=\"eut-element eut-title eut-align-center eut-h3\" style=\"\"><span><strong>Sobre nosotros<\/strong><\/span><\/h3><div class=\"eut-element eut-divider\" style=\"\"><span class=\"eut-custom-divider eut-bg-primary-1 eut-align-inherit\" style=\"width: px;height: 1px;\"><\/span><\/div>[\/vc_column][\/vc_row][vc_row section_type=\u00bbfullwidth\u00bb padding_top_multiplier=\u00bb4x\u00bb padding_bottom_multiplier=\u00bb4x\u00bb columns_gap=\u00bb30&#8243;][vc_column width=\u00bb1\/6&#8243;][\/vc_column][vc_column width=\u00bb1\/3&#8243;][vc_column_text text_style=\u00bbleader-text\u00bb animation=\u00bbeut-fade-in-up\u00bb]<\/p>\n<p data-start=\"58\" data-end=\"245\"><strong>Virtus Magic<\/strong> fue fundada con el objetivo de acercar el patrimonio cultural a la sociedad, explorando el potencial de la tecnolog\u00eda como medio para enriquecer su comprensi\u00f3n y apreciaci\u00f3n.<\/p>\n<p data-start=\"247\" data-end=\"564\">Creemos que los monumentos y vestigios del pasado no son meros restos f\u00edsicos, sino testigos silenciosos de las ideas, necesidades y aspiraciones de quienes los construyeron. Nuestra misi\u00f3n es recuperar, interpretar y representar visualmente ese legado para que pueda ser comprendido, compartido y admirado por todos.<\/p>\n<p data-start=\"566\" data-end=\"739\" data-is-last-node=\"\" data-is-only-node=\"\">A trav\u00e9s de reconstrucciones 3D rigurosas y visualmente impactantes, buscamos ofrecer nuevas formas de explorar la Historia: m\u00e1s accesibles, m\u00e1s inmersivas y m\u00e1s memorables.<\/p>\n<p>[\/vc_column_text][\/vc_column][vc_column width=\u00bb1\/3&#8243;]<div class=\"eut-element eut-image eut-animated-item eut-duration-normal eut-fade-in eut-align-center\" style=\"\" data-delay=\"200\"><div class=\"eut-image-wrapper eut-popup-item\" style=\"max-width:1000px;\"><div class=\"eut-thumbnail-wrapper\"  style=\"max-width: 1000px;\"><div class=\"eut-thumbnail\"  style=\"padding-top: 66.7%;\"><img loading=\"lazy\" decoding=\"async\" width=\"1000\" height=\"667\" src=\"https:\/\/virtusmagic.com\/wp-content\/uploads\/2024\/11\/Virtus_Magic_conferencia2.jpg\" class=\"attachment-full size-full\" alt=\"Virtus_Magic_conference\" data-eutf-filter=\"yes\" srcset=\"https:\/\/virtusmagic.com\/wp-content\/uploads\/2024\/11\/Virtus_Magic_conferencia2.jpg 1000w, https:\/\/virtusmagic.com\/wp-content\/uploads\/2024\/11\/Virtus_Magic_conferencia2-768x512.jpg 768w\" sizes=\"(max-width: 1000px) 100vw, 1000px\" \/><\/div><\/div>  <\/div><\/div>[\/vc_column][vc_column width=\u00bb1\/6&#8243;][\/vc_column][\/vc_row][vc_row section_type=\u00bbfullwidth\u00bb padding_top_multiplier=\u00bb4x\u00bb padding_bottom_multiplier=\u00bb4x\u00bb rc_heading_color=\u00bblight\u00bb rc_bg_type=\u00bbcolor\u00bb columns_gap=\u00bb30&#8243; rc_font_color=\u00bb#ffffff\u00bb rc_bg_color=\u00bb#283540&#8243;][vc_column width=\u00bb1\/6&#8243;][\/vc_column][vc_column width=\u00bb1\/3&#8243;]<div class=\"eut-element eut-image eut-align-center\" style=\"\"><div class=\"eut-image-wrapper eut-popup-item\" style=\"max-width:1920px;\"><div class=\"eut-thumbnail-wrapper\"  style=\"max-width: 1920px;\"><div class=\"eut-thumbnail\"  style=\"padding-top: 66.667%;\"><img loading=\"lazy\" decoding=\"async\" width=\"1920\" height=\"1280\" src=\"https:\/\/virtusmagic.com\/wp-content\/uploads\/2021\/05\/vr_head.jpg\" class=\"attachment-full size-full\" alt=\"British_Museum_VR\" data-eutf-filter=\"yes\" srcset=\"https:\/\/virtusmagic.com\/wp-content\/uploads\/2021\/05\/vr_head.jpg 1920w, https:\/\/virtusmagic.com\/wp-content\/uploads\/2021\/05\/vr_head-768x512.jpg 768w, https:\/\/virtusmagic.com\/wp-content\/uploads\/2021\/05\/vr_head-1536x1024.jpg 1536w\" sizes=\"(max-width: 1920px) 100vw, 1920px\" \/><\/div><\/div>  <\/div><\/div>[\/vc_column][vc_column width=\u00bb1\/3&#8243;]<h4 class=\"eut-element eut-title eut-align-inherit eut-animated-item eut-duration-normal eut-fade-in-up eut-h4\" style=\"\" data-delay=\"200\"><span>Nuestra inspiraci\u00f3n<\/span><\/h4>[vc_column_text text_style=\u00bbleader-text\u00bb animation=\u00bbeut-fade-in-up\u00bb]<\/p>\n<p data-start=\"102\" data-end=\"342\">Entendemos la Historia como un puente entre el pasado y el presente. Nos impulsa el deseo de escuchar lo que las piedras antiguas a\u00fan tienen que decir, y de traducir ese lenguaje en formas visuales comprensibles y emocionalmente evocadoras.<\/p>\n<p data-start=\"344\" data-end=\"605\">Creemos que los monumentos del pasado no fueron construidos solo con t\u00e9cnica, sino tambi\u00e9n con prop\u00f3sito. Detr\u00e1s de cada muro, cada columna, cada detalle, hay respuestas a necesidades humanas \u2014tanto materiales como espirituales\u2014 que a\u00fan hoy nos siguen hablando.<\/p>\n<p data-start=\"607\" data-end=\"761\">Inspirarnos en ese legado no es un acto de nostalgia, sino una forma de comprender mejor qui\u00e9nes somos y de imaginar con mayor claridad hacia d\u00f3nde vamos.<\/p>\n<p data-start=\"763\" data-end=\"909\" data-is-last-node=\"\" data-is-only-node=\"\">Desde esta convicci\u00f3n, trabajamos cada d\u00eda para dar nueva vida a los vestigios del pasado, con el respeto, el rigor y la sensibilidad que merecen.<\/p>\n<p>[\/vc_column_text][\/vc_column][vc_column width=\u00bb1\/6&#8243;][\/vc_column][\/vc_row][vc_row section_type=\u00bbfullwidth\u00bb padding_top_multiplier=\u00bb4x\u00bb padding_bottom_multiplier=\u00bb4x\u00bb columns_gap=\u00bb60&#8243;][vc_column width=\u00bb1\/3&#8243;]<h4 class=\"eut-element eut-title eut-align-inherit eut-h4\" style=\"\"><span>Equipo fundador<\/span><\/h4>[vc_column_text text_style=\u00bbleader-text\u00bb animation=\u00bbeut-fade-in-up\u00bb]<\/p>\n<p data-start=\"0\" data-end=\"199\">Virtus Magic est\u00e1 liderada por sus fundadores, quienes aportan m\u00e1s de 20 a\u00f1os de experiencia en tecnolog\u00edas 3D y comparten un profundo compromiso con el estudio y la difusi\u00f3n del patrimonio cultural.<\/p>\n<p data-start=\"201\" data-end=\"387\" data-is-last-node=\"\" data-is-only-node=\"\">Contamos con una red de colaboradores de confianza con quienes trabajamos de forma habitual: arque\u00f3logos, ge\u00f3logos, artistas 3D y programadores, cuya experiencia enriquece cada proyecto.<\/p>\n<p>[\/vc_column_text][\/vc_column][vc_column width=\u00bb1\/3&#8243; text_align=\u00bbcenter\u00bb]<div class=\"eut-element eut-image eut-align-center\" style=\"\"><div class=\"eut-image-wrapper eut-popup-item\" style=\"max-width:400px;\"><div class=\"eut-thumbnail-wrapper\"  style=\"max-width: 400px;\"><div class=\"eut-thumbnail\"  style=\"padding-top: 66.5%;\"><img loading=\"lazy\" decoding=\"async\" width=\"400\" height=\"266\" src=\"https:\/\/virtusmagic.com\/wp-content\/uploads\/2019\/06\/foto_cv2.jpg\" class=\"attachment-full size-full\" alt=\"Daniel Ba\u00f1os cv\" data-eutf-filter=\"yes\" \/><\/div><\/div>  <\/div><\/div><h5 class=\"eut-element eut-title eut-align-inherit eut-h5\" style=\"\"><span>Daniel Ba\u00f1os<\/span><\/h5>[vc_column_text]<span style=\"color: #0000ff;\">Co-Fundador.<\/span><br \/>\nIngeniero y especialista en Reconstrucciones Digitales 3D[\/vc_column_text][\/vc_column][vc_column width=\u00bb1\/3&#8243; text_align=\u00bbcenter\u00bb]<div class=\"eut-element eut-image eut-align-center\" style=\"\"><div class=\"eut-image-wrapper eut-popup-item\" style=\"max-width:400px;\"><div class=\"eut-thumbnail-wrapper\"  style=\"max-width: 400px;\"><div class=\"eut-thumbnail\"  style=\"padding-top: 66.75%;\"><img loading=\"lazy\" decoding=\"async\" width=\"400\" height=\"267\" src=\"https:\/\/virtusmagic.com\/wp-content\/uploads\/2021\/05\/Silvia_.jpg\" class=\"attachment-full size-full\" alt=\"Silvia Martin\" data-eutf-filter=\"yes\" \/><\/div><\/div>  <\/div><\/div><h5 class=\"eut-element eut-title eut-align-inherit eut-h5\" style=\"\"><span>Silvia Mart\u00edn<\/span><\/h5>[vc_column_text]<span style=\"color: #0000ff;\">Co-Fundadora.<\/span><br \/>\nCoordinadora de proyectos[\/vc_column_text][\/vc_column][\/vc_row]<\/p>\n","protected":false},"excerpt":{"rendered":"<p>[vc_row section_type=\u00bbfullwidth\u00bb padding_bottom_multiplier=\u00bb\u00bb rc_bg_type=\u00bbcolor\u00bb rc_bg_color=\u00bb#f4f4f4&#8243;][vc_column][\/vc_column][\/vc_row][vc_row section_type=\u00bbfullwidth\u00bb padding_top_multiplier=\u00bb4x\u00bb padding_bottom_multiplier=\u00bb4x\u00bb columns_gap=\u00bb30&#8243;][vc_column width=\u00bb1\/6&#8243;][\/vc_column][vc_column width=\u00bb1\/3&#8243;][vc_column_text text_style=\u00bbleader-text\u00bb animation=\u00bbeut-fade-in-up\u00bb] Virtus Magic fue fundada con el objetivo de acercar el patrimonio cultural a la sociedad, explorando el potencial de la tecnolog\u00eda como medio para enriquecer su comprensi\u00f3n y apreciaci\u00f3n. Creemos que los monumentos y vestigios del pasado no son meros restos f\u00edsicos, [&hellip;]<\/p>\n","protected":false},"author":1,"featured_media":0,"parent":0,"menu_order":0,"comment_status":"closed","ping_status":"closed","template":"","meta":{"_monsterinsights_skip_tracking":false,"_monsterinsights_sitenote_active":false,"_monsterinsights_sitenote_note":"","_monsterinsights_sitenote_category":0,"footnotes":""},"class_list":["post-8202","page","type-page","status-publish","hentry"],"yoast_head":"<!-- This site is optimized with the Yoast SEO plugin v25.6 - https:\/\/yoast.com\/wordpress\/plugins\/seo\/ -->\n<title>Virtus Magic - Sobre nosotros<\/title>\n<meta name=\"description\" content=\"Sobre nuestro equipo, su misi\u00f3n y sus valores.\" \/>\n<meta name=\"robots\" content=\"index, follow, max-snippet:-1, max-image-preview:large, max-video-preview:-1\" \/>\n<link rel=\"canonical\" href=\"https:\/\/virtusmagic.com\/es\/nosotros\/\" \/>\n<meta property=\"og:locale\" content=\"es_ES\" \/>\n<meta property=\"og:type\" content=\"article\" \/>\n<meta property=\"og:title\" content=\"Virtus Magic - Sobre nosotros\" \/>\n<meta property=\"og:description\" content=\"Sobre nuestro equipo, su misi\u00f3n y sus valores.\" \/>\n<meta property=\"og:url\" content=\"https:\/\/virtusmagic.com\/es\/nosotros\/\" \/>\n<meta property=\"og:site_name\" content=\"Virtus Magic\" \/>\n<meta property=\"article:modified_time\" content=\"2025-05-22T22:38:44+00:00\" \/>\n<meta name=\"twitter:card\" content=\"summary_large_image\" \/>\n<meta name=\"twitter:label1\" content=\"Tiempo de lectura\" \/>\n\t<meta name=\"twitter:data1\" content=\"3 minutos\" \/>\n<script type=\"application\/ld+json\" class=\"yoast-schema-graph\">{\"@context\":\"https:\/\/schema.org\",\"@graph\":[{\"@type\":\"WebPage\",\"@id\":\"https:\/\/virtusmagic.com\/es\/nosotros\/\",\"url\":\"https:\/\/virtusmagic.com\/es\/nosotros\/\",\"name\":\"Virtus Magic - Sobre nosotros\",\"isPartOf\":{\"@id\":\"https:\/\/virtusmagic.com\/#website\"},\"datePublished\":\"2025-05-22T18:56:37+00:00\",\"dateModified\":\"2025-05-22T22:38:44+00:00\",\"description\":\"Sobre nuestro equipo, su misi\u00f3n y sus valores.\",\"breadcrumb\":{\"@id\":\"https:\/\/virtusmagic.com\/es\/nosotros\/#breadcrumb\"},\"inLanguage\":\"es\",\"potentialAction\":[{\"@type\":\"ReadAction\",\"target\":[\"https:\/\/virtusmagic.com\/es\/nosotros\/\"]}]},{\"@type\":\"BreadcrumbList\",\"@id\":\"https:\/\/virtusmagic.com\/es\/nosotros\/#breadcrumb\",\"itemListElement\":[{\"@type\":\"ListItem\",\"position\":1,\"name\":\"Home\",\"item\":\"https:\/\/virtusmagic.com\/es\/\"},{\"@type\":\"ListItem\",\"position\":2,\"name\":\"Sobre nosotros\"}]},{\"@type\":\"WebSite\",\"@id\":\"https:\/\/virtusmagic.com\/#website\",\"url\":\"https:\/\/virtusmagic.com\/\",\"name\":\"Virtus Magic\",\"description\":\"Experiencias interactivas para la comunicaci\u00f3n del Patrimonio Cultural\",\"potentialAction\":[{\"@type\":\"SearchAction\",\"target\":{\"@type\":\"EntryPoint\",\"urlTemplate\":\"https:\/\/virtusmagic.com\/?s={search_term_string}\"},\"query-input\":{\"@type\":\"PropertyValueSpecification\",\"valueRequired\":true,\"valueName\":\"search_term_string\"}}],\"inLanguage\":\"es\"}]}<\/script>\n<!-- \/ Yoast SEO plugin. -->","yoast_head_json":{"title":"Virtus Magic - Sobre nosotros","description":"Sobre nuestro equipo, su misi\u00f3n y sus valores.","robots":{"index":"index","follow":"follow","max-snippet":"max-snippet:-1","max-image-preview":"max-image-preview:large","max-video-preview":"max-video-preview:-1"},"canonical":"https:\/\/virtusmagic.com\/es\/nosotros\/","og_locale":"es_ES","og_type":"article","og_title":"Virtus Magic - Sobre nosotros","og_description":"Sobre nuestro equipo, su misi\u00f3n y sus valores.","og_url":"https:\/\/virtusmagic.com\/es\/nosotros\/","og_site_name":"Virtus Magic","article_modified_time":"2025-05-22T22:38:44+00:00","twitter_card":"summary_large_image","twitter_misc":{"Tiempo de lectura":"3 minutos"},"schema":{"@context":"https:\/\/schema.org","@graph":[{"@type":"WebPage","@id":"https:\/\/virtusmagic.com\/es\/nosotros\/","url":"https:\/\/virtusmagic.com\/es\/nosotros\/","name":"Virtus Magic - Sobre nosotros","isPartOf":{"@id":"https:\/\/virtusmagic.com\/#website"},"datePublished":"2025-05-22T18:56:37+00:00","dateModified":"2025-05-22T22:38:44+00:00","description":"Sobre nuestro equipo, su misi\u00f3n y sus valores.","breadcrumb":{"@id":"https:\/\/virtusmagic.com\/es\/nosotros\/#breadcrumb"},"inLanguage":"es","potentialAction":[{"@type":"ReadAction","target":["https:\/\/virtusmagic.com\/es\/nosotros\/"]}]},{"@type":"BreadcrumbList","@id":"https:\/\/virtusmagic.com\/es\/nosotros\/#breadcrumb","itemListElement":[{"@type":"ListItem","position":1,"name":"Home","item":"https:\/\/virtusmagic.com\/es\/"},{"@type":"ListItem","position":2,"name":"Sobre nosotros"}]},{"@type":"WebSite","@id":"https:\/\/virtusmagic.com\/#website","url":"https:\/\/virtusmagic.com\/","name":"Virtus Magic","description":"Experiencias interactivas para la comunicaci\u00f3n del Patrimonio Cultural","potentialAction":[{"@type":"SearchAction","target":{"@type":"EntryPoint","urlTemplate":"https:\/\/virtusmagic.com\/?s={search_term_string}"},"query-input":{"@type":"PropertyValueSpecification","valueRequired":true,"valueName":"search_term_string"}}],"inLanguage":"es"}]}},"_links":{"self":[{"href":"https:\/\/virtusmagic.com\/es\/wp-json\/wp\/v2\/pages\/8202"}],"collection":[{"href":"https:\/\/virtusmagic.com\/es\/wp-json\/wp\/v2\/pages"}],"about":[{"href":"https:\/\/virtusmagic.com\/es\/wp-json\/wp\/v2\/types\/page"}],"author":[{"embeddable":true,"href":"https:\/\/virtusmagic.com\/es\/wp-json\/wp\/v2\/users\/1"}],"replies":[{"embeddable":true,"href":"https:\/\/virtusmagic.com\/es\/wp-json\/wp\/v2\/comments?post=8202"}],"version-history":[{"count":6,"href":"https:\/\/virtusmagic.com\/es\/wp-json\/wp\/v2\/pages\/8202\/revisions"}],"predecessor-version":[{"id":8210,"href":"https:\/\/virtusmagic.com\/es\/wp-json\/wp\/v2\/pages\/8202\/revisions\/8210"}],"wp:attachment":[{"href":"https:\/\/virtusmagic.com\/es\/wp-json\/wp\/v2\/media?parent=8202"}],"curies":[{"name":"wp","href":"https:\/\/api.w.org\/{rel}","templated":true}]}}