{"id":8235,"date":"2025-05-23T22:06:24","date_gmt":"2025-05-23T20:06:24","guid":{"rendered":"https:\/\/virtusmagic.com\/?page_id=8235"},"modified":"2025-05-23T22:17:12","modified_gmt":"2025-05-23T20:17:12","slug":"carrera","status":"publish","type":"page","link":"https:\/\/virtusmagic.com\/es\/carrera\/","title":{"rendered":"Carrera"},"content":{"rendered":"<p>[vc_row section_type=\u00bbfullwidth\u00bb padding_bottom_multiplier=\u00bb\u00bb rc_bg_type=\u00bbcolor\u00bb rc_bg_color=\u00bb#f4f4f4&#8243;][vc_column]<h3 class=\"eut-element eut-title eut-align-center eut-h3\" style=\"\"><span><strong>Carrera<\/strong><\/span><\/h3><div class=\"eut-element eut-divider\" style=\"\"><span class=\"eut-custom-divider eut-bg-primary-1 eut-align-inherit\" style=\"width: px;height: 1px;\"><\/span><\/div>[\/vc_column][\/vc_row][vc_row padding_top_multiplier=\u00bb3x\u00bb padding_bottom_multiplier=\u00bb2x\u00bb][vc_column width=\u00bb1\/3&#8243;]<h4 class=\"eut-element eut-title eut-align-inherit eut-h4\" style=\"\"><span>Est\u00e1s interesado en trabajar con nosotros?<\/span><\/h4>[\/vc_column][vc_column width=\u00bb2\/3&#8243;][vc_column_text text_style=\u00bbleader-text\u00bb]<\/p>\n<p data-start=\"51\" data-end=\"270\">Aunque actualmente no estamos reclutando, siempre estamos interesados en conocer a profesionales de talento excepcional, pasi\u00f3n por el patrimonio cultural, un enfoque creativo y afinidad con nuestra visi\u00f3n.<\/p>\n<p data-start=\"272\" data-end=\"381\">Si tienes experiencia en 3D, desarrollo de realidad virtual o \u00e1reas relacionadas, \u00a1nos encantar\u00e1 saber de ti!<\/p>\n<p data-start=\"383\" data-end=\"443\" data-is-last-node=\"\" data-is-only-node=\"\">Escr\u00edbenos a <strong data-start=\"396\" data-end=\"418\"><a class=\"cursor-pointer\" rel=\"noopener\" data-start=\"398\" data-end=\"416\">vm@virtusmagic.com<\/a><\/strong> enviando tu CV y\/o reel.<\/p>\n<p>[\/vc_column_text][\/vc_column][\/vc_row][vc_row padding_bottom_multiplier=\u00bb3x\u00bb][vc_column width=\u00bb1\/3&#8243;]<h4 class=\"eut-element eut-title eut-align-inherit eut-h4\" style=\"\"><span>Perfiles de inter\u00e9s<\/span><\/h4>[\/vc_column][vc_column width=\u00bb1\/3&#8243;][vc_column_text text_style=\u00bbleader-text\u00bb]<\/p>\n<ul>\n<li>3D Generalist<\/li>\n<li>3D Character Animator<\/li>\n<li>3D Character Artist<\/li>\n<li>3D Environment Artist<\/li>\n<\/ul>\n<p>[\/vc_column_text][\/vc_column][vc_column width=\u00bb1\/3&#8243;][vc_column_text text_style=\u00bbleader-text\u00bb]<\/p>\n<ul>\n<li>Unreal Technical Director<\/li>\n<li>Full-Stack Web Developer (Javascript+WebGL)<\/li>\n<\/ul>\n<p>[\/vc_column_text][\/vc_column][\/vc_row][vc_row padding_bottom_multiplier=\u00bb3x\u00bb][vc_column][vc_column_text]<\/p>\n<p data-start=\"58\" data-end=\"345\"><strong data-start=\"58\" data-end=\"97\">PROTECCI\u00d3N DE TUS DATOS PERSONALES:<\/strong><br data-start=\"97\" data-end=\"100\" \/>Te informamos de que la recogida de tus datos se realiza con fines estrictamente limitados al estudio de tu candidatura y al proceso de selecci\u00f3n de personal. Tus datos ser\u00e1n tratados de forma confidencial por personas autorizadas de la empresa. De acuerdo con la legislaci\u00f3n vigente, tus datos se conservar\u00e1n durante un per\u00edodo de 24 meses a partir del \u00faltimo contacto entre t\u00fa y Virtus Magic.<br \/>\nPuedes solicitar el acceso, la rectificaci\u00f3n o la eliminaci\u00f3n de tu informaci\u00f3n escribiendo a: <strong data-start=\"592\" data-end=\"614\" data-is-last-node=\"\"><a class=\"cursor-pointer\" rel=\"noopener\" data-start=\"594\" data-end=\"612\">vm@virtusmagic.com<\/a><\/strong><\/p>\n<p>[\/vc_column_text]<div class=\"eut-empty-space eut-height-1x\" style=\"\"><\/div>[\/vc_column][\/vc_row]<\/p>\n","protected":false},"excerpt":{"rendered":"<p>[vc_row section_type=\u00bbfullwidth\u00bb padding_bottom_multiplier=\u00bb\u00bb rc_bg_type=\u00bbcolor\u00bb rc_bg_color=\u00bb#f4f4f4&#8243;][vc_column][\/vc_column][\/vc_row][vc_row padding_top_multiplier=\u00bb3x\u00bb padding_bottom_multiplier=\u00bb2x\u00bb][vc_column width=\u00bb1\/3&#8243;][\/vc_column][vc_column width=\u00bb2\/3&#8243;][vc_column_text text_style=\u00bbleader-text\u00bb] Aunque actualmente no estamos reclutando, siempre estamos interesados en conocer a profesionales de talento excepcional, pasi\u00f3n por el patrimonio cultural, un enfoque creativo y afinidad con nuestra visi\u00f3n. Si tienes experiencia en 3D, desarrollo de realidad virtual o \u00e1reas relacionadas, \u00a1nos encantar\u00e1 saber de ti! [&hellip;]<\/p>\n","protected":false},"author":1,"featured_media":0,"parent":0,"menu_order":0,"comment_status":"closed","ping_status":"closed","template":"","meta":{"_monsterinsights_skip_tracking":false,"_monsterinsights_sitenote_active":false,"_monsterinsights_sitenote_note":"","_monsterinsights_sitenote_category":0,"footnotes":""},"class_list":["post-8235","page","type-page","status-publish","hentry"],"yoast_head":"<!-- This site is optimized with the Yoast SEO plugin v25.6 - https:\/\/yoast.com\/wordpress\/plugins\/seo\/ -->\n<title>Virtus Magic - Carrera<\/title>\n<meta name=\"description\" content=\"Posiciones actualmente abiertas para trabajar con nosotros\" \/>\n<meta name=\"robots\" content=\"index, follow, max-snippet:-1, max-image-preview:large, max-video-preview:-1\" \/>\n<link rel=\"canonical\" href=\"https:\/\/virtusmagic.com\/es\/carrera\/\" \/>\n<meta property=\"og:locale\" content=\"es_ES\" \/>\n<meta property=\"og:type\" content=\"article\" \/>\n<meta property=\"og:title\" content=\"Virtus Magic - Carrera\" \/>\n<meta property=\"og:description\" content=\"Posiciones actualmente abiertas para trabajar con nosotros\" \/>\n<meta property=\"og:url\" content=\"https:\/\/virtusmagic.com\/es\/carrera\/\" \/>\n<meta property=\"og:site_name\" content=\"Virtus Magic\" \/>\n<meta property=\"article:modified_time\" content=\"2025-05-23T20:17:12+00:00\" \/>\n<meta name=\"twitter:card\" content=\"summary_large_image\" \/>\n<meta name=\"twitter:label1\" content=\"Tiempo de lectura\" \/>\n\t<meta name=\"twitter:data1\" content=\"1 minuto\" \/>\n<script type=\"application\/ld+json\" class=\"yoast-schema-graph\">{\"@context\":\"https:\/\/schema.org\",\"@graph\":[{\"@type\":\"WebPage\",\"@id\":\"https:\/\/virtusmagic.com\/es\/carrera\/\",\"url\":\"https:\/\/virtusmagic.com\/es\/carrera\/\",\"name\":\"Virtus Magic - Carrera\",\"isPartOf\":{\"@id\":\"https:\/\/virtusmagic.com\/#website\"},\"datePublished\":\"2025-05-23T20:06:24+00:00\",\"dateModified\":\"2025-05-23T20:17:12+00:00\",\"description\":\"Posiciones actualmente abiertas para trabajar con nosotros\",\"breadcrumb\":{\"@id\":\"https:\/\/virtusmagic.com\/es\/carrera\/#breadcrumb\"},\"inLanguage\":\"es\",\"potentialAction\":[{\"@type\":\"ReadAction\",\"target\":[\"https:\/\/virtusmagic.com\/es\/carrera\/\"]}]},{\"@type\":\"BreadcrumbList\",\"@id\":\"https:\/\/virtusmagic.com\/es\/carrera\/#breadcrumb\",\"itemListElement\":[{\"@type\":\"ListItem\",\"position\":1,\"name\":\"Home\",\"item\":\"https:\/\/virtusmagic.com\/es\/\"},{\"@type\":\"ListItem\",\"position\":2,\"name\":\"Carrera\"}]},{\"@type\":\"WebSite\",\"@id\":\"https:\/\/virtusmagic.com\/#website\",\"url\":\"https:\/\/virtusmagic.com\/\",\"name\":\"Virtus Magic\",\"description\":\"Experiencias interactivas para la comunicaci\u00f3n del Patrimonio Cultural\",\"potentialAction\":[{\"@type\":\"SearchAction\",\"target\":{\"@type\":\"EntryPoint\",\"urlTemplate\":\"https:\/\/virtusmagic.com\/?s={search_term_string}\"},\"query-input\":{\"@type\":\"PropertyValueSpecification\",\"valueRequired\":true,\"valueName\":\"search_term_string\"}}],\"inLanguage\":\"es\"}]}<\/script>\n<!-- \/ Yoast SEO plugin. -->","yoast_head_json":{"title":"Virtus Magic - Carrera","description":"Posiciones actualmente abiertas para trabajar con nosotros","robots":{"index":"index","follow":"follow","max-snippet":"max-snippet:-1","max-image-preview":"max-image-preview:large","max-video-preview":"max-video-preview:-1"},"canonical":"https:\/\/virtusmagic.com\/es\/carrera\/","og_locale":"es_ES","og_type":"article","og_title":"Virtus Magic - Carrera","og_description":"Posiciones actualmente abiertas para trabajar con nosotros","og_url":"https:\/\/virtusmagic.com\/es\/carrera\/","og_site_name":"Virtus Magic","article_modified_time":"2025-05-23T20:17:12+00:00","twitter_card":"summary_large_image","twitter_misc":{"Tiempo de lectura":"1 minuto"},"schema":{"@context":"https:\/\/schema.org","@graph":[{"@type":"WebPage","@id":"https:\/\/virtusmagic.com\/es\/carrera\/","url":"https:\/\/virtusmagic.com\/es\/carrera\/","name":"Virtus Magic - Carrera","isPartOf":{"@id":"https:\/\/virtusmagic.com\/#website"},"datePublished":"2025-05-23T20:06:24+00:00","dateModified":"2025-05-23T20:17:12+00:00","description":"Posiciones actualmente abiertas para trabajar con nosotros","breadcrumb":{"@id":"https:\/\/virtusmagic.com\/es\/carrera\/#breadcrumb"},"inLanguage":"es","potentialAction":[{"@type":"ReadAction","target":["https:\/\/virtusmagic.com\/es\/carrera\/"]}]},{"@type":"BreadcrumbList","@id":"https:\/\/virtusmagic.com\/es\/carrera\/#breadcrumb","itemListElement":[{"@type":"ListItem","position":1,"name":"Home","item":"https:\/\/virtusmagic.com\/es\/"},{"@type":"ListItem","position":2,"name":"Carrera"}]},{"@type":"WebSite","@id":"https:\/\/virtusmagic.com\/#website","url":"https:\/\/virtusmagic.com\/","name":"Virtus Magic","description":"Experiencias interactivas para la comunicaci\u00f3n del Patrimonio Cultural","potentialAction":[{"@type":"SearchAction","target":{"@type":"EntryPoint","urlTemplate":"https:\/\/virtusmagic.com\/?s={search_term_string}"},"query-input":{"@type":"PropertyValueSpecification","valueRequired":true,"valueName":"search_term_string"}}],"inLanguage":"es"}]}},"_links":{"self":[{"href":"https:\/\/virtusmagic.com\/es\/wp-json\/wp\/v2\/pages\/8235"}],"collection":[{"href":"https:\/\/virtusmagic.com\/es\/wp-json\/wp\/v2\/pages"}],"about":[{"href":"https:\/\/virtusmagic.com\/es\/wp-json\/wp\/v2\/types\/page"}],"author":[{"embeddable":true,"href":"https:\/\/virtusmagic.com\/es\/wp-json\/wp\/v2\/users\/1"}],"replies":[{"embeddable":true,"href":"https:\/\/virtusmagic.com\/es\/wp-json\/wp\/v2\/comments?post=8235"}],"version-history":[{"count":3,"href":"https:\/\/virtusmagic.com\/es\/wp-json\/wp\/v2\/pages\/8235\/revisions"}],"predecessor-version":[{"id":8238,"href":"https:\/\/virtusmagic.com\/es\/wp-json\/wp\/v2\/pages\/8235\/revisions\/8238"}],"wp:attachment":[{"href":"https:\/\/virtusmagic.com\/es\/wp-json\/wp\/v2\/media?parent=8235"}],"curies":[{"name":"wp","href":"https:\/\/api.w.org\/{rel}","templated":true}]}}