{"id":8252,"date":"2025-05-26T12:01:48","date_gmt":"2025-05-26T10:01:48","guid":{"rendered":"https:\/\/virtusmagic.com\/?page_id=8252"},"modified":"2025-05-26T12:04:35","modified_gmt":"2025-05-26T10:04:35","slug":"reel","status":"publish","type":"page","link":"https:\/\/virtusmagic.com\/es\/reel\/","title":{"rendered":"Reel"},"content":{"rendered":"<p>[vc_row padding_top_multiplier=\u00bb5x\u00bb rc_heading_color=\u00bblight\u00bb rc_bg_type=\u00bbimage\u00bb rc_bg_image=\u00bb7959&#8243; rc_bg_image_type=\u00bbfixed\u00bb rc_bg_color_overlay=\u00bbdark\u00bb rc_bg_opacity_overlay=\u00bb50&#8243; columns_gap=\u00bbnone\u00bb rc_font_color=\u00bb#ffffff\u00bb][vc_column text_align=\u00bbcenter\u00bb rc_link_color=\u00bblight\u00bb]<h3 class=\"eut-element eut-title eut-align-inherit eut-h3\" style=\"\"><span>Virtus Magic<\/span><\/h3><h4 class=\"eut-element eut-title eut-align-center eut-h5\" style=\"\"><span>Video Reel<\/span><\/h4>[\/vc_column][\/vc_row][vc_row section_type=\u00bbfullwidth\u00bb rc_bg_type=\u00bbimage\u00bb rc_bg_image=\u00bb7959&#8243; rc_bg_image_type=\u00bbfixed\u00bb rc_bg_color_overlay=\u00bbdark\u00bb rc_bg_opacity_overlay=\u00bb50&#8243; columns_gap=\u00bb60&#8243;][vc_column width=\u00bb1\/6&#8243;][\/vc_column][vc_column width=\u00bb2\/3&#8243;][vc_raw_html css=\u00bb.vc_custom_1733755608524{background-image: url(https:\/\/virtusmagic.com\/wp-content\/uploads\/2024\/12\/play_reel.jpg?id=7963) !important;}\u00bb]JTNDdmlkZW8lMjBjb250cm9scyUyMGNvbnRyb2xzTGlzdCUzRCUyMm5vZG93bmxvYWQlMjIlMjBhdXRvcGxheSUyMG5hbWUlM0QlMjJtZWRpYSUyMiUyMHN0eWxlJTNEJTIyd2lkdGglM0ElMjAxMDAlMjUlM0IlMjIlMjBwb3N0ZXIlM0QlMjJodHRwcyUzQSUyRiUyRnZpcnR1c21hZ2ljLmNvbSUyRndwLWNvbnRlbnQlMkZ1cGxvYWRzJTJGMjAyNCUyRjEyJTJGcGxheV9yZWVsLmpwZyUyMiUzRSUwQSUyMCUyMCUyMCUyMCUzQ3NvdXJjZSUyMHNyYyUzRCUyMmh0dHBzJTNBJTJGJTJGdmlydHVzbWFnaWMuY29tJTJGdmlkZW9zJTJGUmVlbF8yMDI1X2NlbHRpY19oaWdoLm1wNCUyMiUyMHR5cGUlM0QlMjJ2aWRlbyUyRm1wNCUyMiUzRSUwQSUzQyUyRnZpZGVvJTNF[\/vc_raw_html][\/vc_column][vc_column width=\u00bb1\/6&#8243;][\/vc_column][\/vc_row][vc_row padding_top_multiplier=\u00bb\u00bb padding_bottom_multiplier=\u00bb6x\u00bb rc_bg_type=\u00bbimage\u00bb rc_bg_image=\u00bb7959&#8243; rc_bg_image_type=\u00bbfixed\u00bb rc_bg_color_overlay=\u00bbdark\u00bb rc_bg_opacity_overlay=\u00bb50&#8243; columns_gap=\u00bb60&#8243;][vc_column text_align=\u00bbcenter\u00bb]<div class=\"eut-element eut-align-inherit\"><a href=\"https:\/\/virtusmagic.com\/es\/\" title=\"Inicio\" class=\"eut-btn eut-btn-medium eut-round eut-bg-primary-2 eut-bg-hover-primary-1\"><span>Back<\/span><\/a><\/div>[\/vc_column][\/vc_row]<\/p>\n","protected":false},"excerpt":{"rendered":"<p>[vc_row padding_top_multiplier=\u00bb5x\u00bb rc_heading_color=\u00bblight\u00bb rc_bg_type=\u00bbimage\u00bb rc_bg_image=\u00bb7959&#8243; rc_bg_image_type=\u00bbfixed\u00bb rc_bg_color_overlay=\u00bbdark\u00bb rc_bg_opacity_overlay=\u00bb50&#8243; columns_gap=\u00bbnone\u00bb rc_font_color=\u00bb#ffffff\u00bb][vc_column text_align=\u00bbcenter\u00bb rc_link_color=\u00bblight\u00bb][\/vc_column][\/vc_row][vc_row section_type=\u00bbfullwidth\u00bb rc_bg_type=\u00bbimage\u00bb rc_bg_image=\u00bb7959&#8243; rc_bg_image_type=\u00bbfixed\u00bb rc_bg_color_overlay=\u00bbdark\u00bb rc_bg_opacity_overlay=\u00bb50&#8243; columns_gap=\u00bb60&#8243;][vc_column width=\u00bb1\/6&#8243;][\/vc_column][vc_column width=\u00bb2\/3&#8243;][vc_raw_html css=\u00bb.vc_custom_1733755608524{background-image: url(https:\/\/virtusmagic.com\/wp-content\/uploads\/2024\/12\/play_reel.jpg?id=7963) !important;}\u00bb]JTNDdmlkZW8lMjBjb250cm9scyUyMGNvbnRyb2xzTGlzdCUzRCUyMm5vZG93bmxvYWQlMjIlMjBhdXRvcGxheSUyMG5hbWUlM0QlMjJtZWRpYSUyMiUyMHN0eWxlJTNEJTIyd2lkdGglM0ElMjAxMDAlMjUlM0IlMjIlMjBwb3N0ZXIlM0QlMjJodHRwcyUzQSUyRiUyRnZpcnR1c21hZ2ljLmNvbSUyRndwLWNvbnRlbnQlMkZ1cGxvYWRzJTJGMjAyNCUyRjEyJTJGcGxheV9yZWVsLmpwZyUyMiUzRSUwQSUyMCUyMCUyMCUyMCUzQ3NvdXJjZSUyMHNyYyUzRCUyMmh0dHBzJTNBJTJGJTJGdmlydHVzbWFnaWMuY29tJTJGdmlkZW9zJTJGUmVlbF8yMDI1X2NlbHRpY19oaWdoLm1wNCUyMiUyMHR5cGUlM0QlMjJ2aWRlbyUyRm1wNCUyMiUzRSUwQSUzQyUyRnZpZGVvJTNF[\/vc_raw_html][\/vc_column][vc_column width=\u00bb1\/6&#8243;][\/vc_column][\/vc_row][vc_row padding_top_multiplier=\u00bb\u00bb padding_bottom_multiplier=\u00bb6x\u00bb rc_bg_type=\u00bbimage\u00bb rc_bg_image=\u00bb7959&#8243; rc_bg_image_type=\u00bbfixed\u00bb rc_bg_color_overlay=\u00bbdark\u00bb rc_bg_opacity_overlay=\u00bb50&#8243; columns_gap=\u00bb60&#8243;][vc_column text_align=\u00bbcenter\u00bb][\/vc_column][\/vc_row]<\/p>\n","protected":false},"author":1,"featured_media":0,"parent":0,"menu_order":0,"comment_status":"closed","ping_status":"closed","template":"","meta":{"_monsterinsights_skip_tracking":false,"_monsterinsights_sitenote_active":false,"_monsterinsights_sitenote_note":"","_monsterinsights_sitenote_category":0,"footnotes":""},"class_list":["post-8252","page","type-page","status-publish","hentry"],"yoast_head":"<!-- This site is optimized with the Yoast SEO plugin v25.6 - https:\/\/yoast.com\/wordpress\/plugins\/seo\/ -->\n<title>Virtus Magic - Reel<\/title>\n<meta name=\"description\" content=\"Producimos detalladas y rigurosas reconstrucciones digitales 3D de lugares arqueol\u00f3gicos e hist\u00f3ricos para educaci\u00f3n e investigaci\u00f3n.\" \/>\n<meta name=\"robots\" content=\"index, follow, max-snippet:-1, max-image-preview:large, max-video-preview:-1\" \/>\n<link rel=\"canonical\" href=\"https:\/\/virtusmagic.com\/es\/reel\/\" \/>\n<meta property=\"og:locale\" content=\"es_ES\" \/>\n<meta property=\"og:type\" content=\"article\" \/>\n<meta property=\"og:title\" content=\"Virtus Magic - Reel\" \/>\n<meta property=\"og:description\" content=\"Producimos detalladas y rigurosas reconstrucciones digitales 3D de lugares arqueol\u00f3gicos e hist\u00f3ricos para educaci\u00f3n e investigaci\u00f3n.\" \/>\n<meta property=\"og:url\" content=\"https:\/\/virtusmagic.com\/es\/reel\/\" \/>\n<meta property=\"og:site_name\" content=\"Virtus Magic\" \/>\n<meta property=\"article:modified_time\" content=\"2025-05-26T10:04:35+00:00\" \/>\n<meta name=\"twitter:card\" content=\"summary_large_image\" \/>\n<meta name=\"twitter:label1\" content=\"Tiempo de lectura\" \/>\n\t<meta name=\"twitter:data1\" content=\"1 minuto\" \/>\n<script type=\"application\/ld+json\" class=\"yoast-schema-graph\">{\"@context\":\"https:\/\/schema.org\",\"@graph\":[{\"@type\":\"WebPage\",\"@id\":\"https:\/\/virtusmagic.com\/es\/reel\/\",\"url\":\"https:\/\/virtusmagic.com\/es\/reel\/\",\"name\":\"Virtus Magic - Reel\",\"isPartOf\":{\"@id\":\"https:\/\/virtusmagic.com\/#website\"},\"datePublished\":\"2025-05-26T10:01:48+00:00\",\"dateModified\":\"2025-05-26T10:04:35+00:00\",\"description\":\"Producimos detalladas y rigurosas reconstrucciones digitales 3D de lugares arqueol\u00f3gicos e hist\u00f3ricos para educaci\u00f3n e investigaci\u00f3n.\",\"breadcrumb\":{\"@id\":\"https:\/\/virtusmagic.com\/es\/reel\/#breadcrumb\"},\"inLanguage\":\"es\",\"potentialAction\":[{\"@type\":\"ReadAction\",\"target\":[\"https:\/\/virtusmagic.com\/es\/reel\/\"]}]},{\"@type\":\"BreadcrumbList\",\"@id\":\"https:\/\/virtusmagic.com\/es\/reel\/#breadcrumb\",\"itemListElement\":[{\"@type\":\"ListItem\",\"position\":1,\"name\":\"Home\",\"item\":\"https:\/\/virtusmagic.com\/es\/\"},{\"@type\":\"ListItem\",\"position\":2,\"name\":\"Reel\"}]},{\"@type\":\"WebSite\",\"@id\":\"https:\/\/virtusmagic.com\/#website\",\"url\":\"https:\/\/virtusmagic.com\/\",\"name\":\"Virtus Magic\",\"description\":\"Experiencias interactivas para la comunicaci\u00f3n del Patrimonio Cultural\",\"potentialAction\":[{\"@type\":\"SearchAction\",\"target\":{\"@type\":\"EntryPoint\",\"urlTemplate\":\"https:\/\/virtusmagic.com\/?s={search_term_string}\"},\"query-input\":{\"@type\":\"PropertyValueSpecification\",\"valueRequired\":true,\"valueName\":\"search_term_string\"}}],\"inLanguage\":\"es\"}]}<\/script>\n<!-- \/ Yoast SEO plugin. -->","yoast_head_json":{"title":"Virtus Magic - Reel","description":"Producimos detalladas y rigurosas reconstrucciones digitales 3D de lugares arqueol\u00f3gicos e hist\u00f3ricos para educaci\u00f3n e investigaci\u00f3n.","robots":{"index":"index","follow":"follow","max-snippet":"max-snippet:-1","max-image-preview":"max-image-preview:large","max-video-preview":"max-video-preview:-1"},"canonical":"https:\/\/virtusmagic.com\/es\/reel\/","og_locale":"es_ES","og_type":"article","og_title":"Virtus Magic - Reel","og_description":"Producimos detalladas y rigurosas reconstrucciones digitales 3D de lugares arqueol\u00f3gicos e hist\u00f3ricos para educaci\u00f3n e investigaci\u00f3n.","og_url":"https:\/\/virtusmagic.com\/es\/reel\/","og_site_name":"Virtus Magic","article_modified_time":"2025-05-26T10:04:35+00:00","twitter_card":"summary_large_image","twitter_misc":{"Tiempo de lectura":"1 minuto"},"schema":{"@context":"https:\/\/schema.org","@graph":[{"@type":"WebPage","@id":"https:\/\/virtusmagic.com\/es\/reel\/","url":"https:\/\/virtusmagic.com\/es\/reel\/","name":"Virtus Magic - Reel","isPartOf":{"@id":"https:\/\/virtusmagic.com\/#website"},"datePublished":"2025-05-26T10:01:48+00:00","dateModified":"2025-05-26T10:04:35+00:00","description":"Producimos detalladas y rigurosas reconstrucciones digitales 3D de lugares arqueol\u00f3gicos e hist\u00f3ricos para educaci\u00f3n e investigaci\u00f3n.","breadcrumb":{"@id":"https:\/\/virtusmagic.com\/es\/reel\/#breadcrumb"},"inLanguage":"es","potentialAction":[{"@type":"ReadAction","target":["https:\/\/virtusmagic.com\/es\/reel\/"]}]},{"@type":"BreadcrumbList","@id":"https:\/\/virtusmagic.com\/es\/reel\/#breadcrumb","itemListElement":[{"@type":"ListItem","position":1,"name":"Home","item":"https:\/\/virtusmagic.com\/es\/"},{"@type":"ListItem","position":2,"name":"Reel"}]},{"@type":"WebSite","@id":"https:\/\/virtusmagic.com\/#website","url":"https:\/\/virtusmagic.com\/","name":"Virtus Magic","description":"Experiencias interactivas para la comunicaci\u00f3n del Patrimonio Cultural","potentialAction":[{"@type":"SearchAction","target":{"@type":"EntryPoint","urlTemplate":"https:\/\/virtusmagic.com\/?s={search_term_string}"},"query-input":{"@type":"PropertyValueSpecification","valueRequired":true,"valueName":"search_term_string"}}],"inLanguage":"es"}]}},"_links":{"self":[{"href":"https:\/\/virtusmagic.com\/es\/wp-json\/wp\/v2\/pages\/8252"}],"collection":[{"href":"https:\/\/virtusmagic.com\/es\/wp-json\/wp\/v2\/pages"}],"about":[{"href":"https:\/\/virtusmagic.com\/es\/wp-json\/wp\/v2\/types\/page"}],"author":[{"embeddable":true,"href":"https:\/\/virtusmagic.com\/es\/wp-json\/wp\/v2\/users\/1"}],"replies":[{"embeddable":true,"href":"https:\/\/virtusmagic.com\/es\/wp-json\/wp\/v2\/comments?post=8252"}],"version-history":[{"count":2,"href":"https:\/\/virtusmagic.com\/es\/wp-json\/wp\/v2\/pages\/8252\/revisions"}],"predecessor-version":[{"id":8254,"href":"https:\/\/virtusmagic.com\/es\/wp-json\/wp\/v2\/pages\/8252\/revisions\/8254"}],"wp:attachment":[{"href":"https:\/\/virtusmagic.com\/es\/wp-json\/wp\/v2\/media?parent=8252"}],"curies":[{"name":"wp","href":"https:\/\/api.w.org\/{rel}","templated":true}]}}